{"id":513,"date":"2023-03-21T08:25:13","date_gmt":"2023-03-21T08:25:13","guid":{"rendered":"https:\/\/sonesteve.tandem.ws\/?page_id=513"},"modified":"2023-03-22T22:23:42","modified_gmt":"2023-03-22T22:23:42","slug":"reserves","status":"publish","type":"page","link":"https:\/\/sonestevemallorca.com\/de\/reservierungen\/","title":{"rendered":"Buchungs"},"content":{"rendered":"<div class=\"gb-container gb-container-5b037522\">\n\n<div class=\"wp-block-cb-carousel cb-single-slide carrusel_portada\" data-slick=\"{&quot;slidesToShow&quot;:1,&quot;slidesToScroll&quot;:1,&quot;speed&quot;:300,&quot;arrows&quot;:false,&quot;dots&quot;:false,&quot;autoplay&quot;:false,&quot;autoplaySpeed&quot;:3000,&quot;infinite&quot;:false,&quot;responsive&quot;:[{&quot;breakpoint&quot;:769,&quot;settings&quot;:{&quot;slidesToShow&quot;:1,&quot;slidesToScroll&quot;:1}}]}\">\n<div class=\"wp-block-cb-slide\"><div class=\"gb-container gb-container-f8908c1f\">\n\n<h1 class=\"gb-headline gb-headline-1cc7b5da gb-headline-text titol_slider\">Buchungs<\/h1>\n\n\n\n<h2 class=\"gb-headline gb-headline-d267d249 gb-headline-text titol_slider\">Ist unsere exklusive Buchungsplattform <strong><a rel=\"noreferrer noopener\" href=\"https:\/\/holidaytravelchannel.com\/apartments-andratx\/historical-house-mallorca-pool-wifi-aircon\/heat-h1029\/\" target=\"_blank\">HOLIDAY TRAVEL CHANEL<\/a><\/strong><\/h2>\n\n\n<div class=\"gb-container gb-container-8e0eef8b\">\n\n<a class=\"gb-button gb-button-45f99091\" href=\"https:\/\/holidaytravelchannel.com\/apartments-andratx\/historical-house-mallorca-pool-wifi-aircon\/heat-h1029\/\" target=\"_blank\" rel=\"noopener noreferrer\"><span class=\"gb-button-text\">Buchen Sie JETZT<\/span><span class=\"gb-icon\"><svg height=\"24\" width=\"24\" viewbox=\"0 0 24 24\" xmlns=\"http:\/\/www.w3.org\/2000\/svg\"><path d=\"M0 0h24v24H0z\" fill=\"none\"><\/path><path d=\"M16.172 11l-5.364-5.364 1.414-1.414L20 12l-7.778 7.778-1.414-1.414L16.172 13H4v-2z\"><\/path><\/svg><\/span><\/a>\n\n<\/div>\n<\/div><\/div>\n<\/div>\n\n<\/div>\n\n<div class=\"gb-container gb-container-6524fb01\">\n<div class=\"gb-grid-wrapper gb-grid-wrapper-a83a7ce9\">\n<div class=\"gb-grid-column gb-grid-column-572f648c\"><div class=\"gb-container gb-container-572f648c\">\n\n<h3 class=\"gb-headline gb-headline-e7654f0f gb-headline-text\">Zwischensaison<\/h3>\n\n\n\n<p class=\"gb-headline gb-headline-a7891f5b gb-headline-text\">\u2022 <strong>Ostern:<\/strong>  vom 31.03. bis 10.04.2023. Mindestaufenthalt 2 N\u00e4chte.<\/p>\n\n\n\n<p class=\"gb-headline gb-headline-1f2c4635 gb-headline-text\">\u2022 <strong>Weihnachtsferien:<\/strong>vom 22. bis 31. Dezember 2023 und vom 1. bis 07. Januar 2024. Mindestens 2 N\u00e4chte.<\/p>\n\n\n\n<p class=\"gb-headline gb-headline-1871cbde gb-headline-text\">\u2022 <strong>Br\u00fccken und Wochenenden mit Feiertagen.<\/strong> Mindestens 2 \u00dcbernachtungen<\/p>\n\n\n\n<h3 class=\"gb-headline gb-headline-949c3870 gb-headline-text\">Hauptsaison<\/h3>\n\n\n\n<p class=\"gb-headline gb-headline-22c98bfd gb-headline-text\">\u2022 <strong>Sommer<\/strong>vom 23\/06 bis 11\/09 2023. Mindestens 3 N\u00e4chte.<\/p>\n\n\n\n<h3 class=\"gb-headline gb-headline-ba167ee8 gb-headline-text\">Stornierungsbedingungen<\/h3>\n\n\n\n<p class=\"gb-headline gb-headline-25168a9e gb-headline-text\">\u2022 Son Esteve wird alle Gelder an den Kunden zur\u00fcckerstatten, wenn: der Gast teilt seine Stornierung 15 Tage ( oder mehr ) vor dem Anreisedatum<\/p>\n\n\n\n<p class=\"gb-headline gb-headline-d777af0b gb-headline-text\">\u2022 Wir behalten die Kaution im Falle von: Stornierung der Reservierung, \"Nichterscheinen\u201c am angegebenen Tag,  Abreise vor dem geplanten Abreisetag<\/p>\n\n<\/div><\/div>\n\n<div class=\"gb-grid-column gb-grid-column-7a6a31db\"><div class=\"gb-container gb-container-7a6a31db\">\n\n<h3 class=\"gb-headline gb-headline-36113080 gb-headline-text\">G\u00e4steinformationen<\/h3>\n\n\n\n<p class=\"gb-headline gb-headline-b3dff0d2 gb-headline-text\">\u2022 Komplette Hausmiete und Exklusivit\u00e4t<\/p>\n\n\n\n<p class=\"gb-headline gb-headline-6f893ab7 gb-headline-text\">\u2022 Der Aufenthalt beinhaltet kein Fr\u00fchst\u00fcck, Mittag- oder Abendessen.<\/p>\n\n\n\n<p class=\"gb-headline gb-headline-3841ea04 gb-headline-text\">\u2022 Check-in um 15:00 Uhr, Check-out um 10:00 Uhr<\/p>\n\n\n\n<p class=\"gb-headline gb-headline-1dd7254b gb-headline-text\">\u2022 Fr\u00fche\/sp\u00e4te Ankunft oder Abreise zum Haus: fragen Sie . Es ist nicht immer m\u00f6glich, aber wir werden versuchen zu helfen.<\/p>\n\n\n\n<p class=\"gb-headline gb-headline-e786ffa0 gb-headline-text\">\u2022 Informationen zum Ankunfts und Abreisetag: f\u00fcr einen besseren Empfang und eine bessere Abflugzeremonie teilen Sie uns bitte Ihre Ankunfts und Abflugzeit<\/p>\n\n\n\n<p class=\"gb-headline gb-headline-cba6f1fc gb-headline-text\">\u2022 Das Rauchen ist im Haus nicht gestattet.<\/p>\n\n\n\n<p class=\"gb-headline gb-headline-8aed2398 gb-headline-text\">\u2022 Kinder und Pool: Minderj\u00e4hrige m\u00fcssen unter Aufsicht der Eltern\/Erwachsenen.<\/p>\n\n\n\n<p class=\"gb-headline gb-headline-7f9adf61 gb-headline-text\">\u2022 Reinigung und W\u00e4sche: Eine Endgeb\u00fchr wird am Abreisetag erhoben.<\/p>\n\n\n\n<p class=\"gb-headline gb-headline-317e4446 gb-headline-text\">\u2022 Alle Son Esteve-Preise sind in Euro angegeben.<\/p>\n\n\n\n<p class=\"gb-headline gb-headline-6db4fbdd gb-headline-text\">\u2022 R\u00fcckzahlbare Kautionen: Wenn keine Sch\u00e4den vorliegen, wird 48 Stunden nach der Abreise per Bank\u00fcberweisung zur\u00fcckerstattet. Aus diesem Grund fragen wir Sie nach Ihrer Bankverbindung (vollst\u00e4ndiger Name, Name und Anschrift der Bank, IBAN, SWIFT oder BIC-Codes) vor oder bei der Anreise<\/p>\n\n\n\n<p class=\"gb-headline gb-headline-c400284e gb-headline-text\">\u2022 Lange Wintermiete: auf Anfrage. Bitte fragen Sie den Betreiber.<\/p>\n\n<\/div><\/div>\n\n<div class=\"gb-grid-column gb-grid-column-ea68fe7a\"><div class=\"gb-container gb-container-ea68fe7a\">\n\n<p class=\"gb-headline gb-headline-411a14b5 gb-headline-text\">\u2022 Stromverbrauch: bis zu einem Betrag von 200 \u20ac ist in der Reservierung enthalten. Jeder Mehrverbrauch wird mit 0,35 \u20ac\/KWh berechnet. Der Z\u00e4hler wird bei der Ankunft und am Abreisetag erfasst. Diese wird am Tag der Abreise bezahlt. Der Gast kann die Theke jederzeit kontrollieren.<\/p>\n\n\n\n<p class=\"gb-headline gb-headline-712c2978 gb-headline-text\">\u2022 Kurtaxe: Die Preise variieren je nach Aufenthaltsdauer und Saison (niedrig oder hoch). Sie gilt f\u00fcr Reisende \u00fcber 16 Jahre. Sie m\u00fcssen sie bei der Ankunft beim Check-in bezahlen.<\/p>\n\n\n\n<p class=\"gb-headline gb-headline-ae03dbff gb-headline-text\">\u2022 Zentralheizung&amp; Klimaanlage: im ganzen Haus und in den Zimmern vorhanden.<\/p>\n\n\n\n<p class=\"gb-headline gb-headline-c065a26a gb-headline-text\">\u2022 M\u00fcllzuschlag: muss vor der Abreise am Abreisetag aus dem Haus entfernt werden. Wenn nicht, gibt es einen Zuschlag von 50,00 \u20ac.<\/p>\n\n\n\n<p class=\"gb-headline gb-headline-59916dbe gb-headline-text\">\u2022 Haustiere: nicht erlaubt.<\/p>\n\n\n\n<p class=\"gb-headline gb-headline-a9081d6d gb-headline-text\">Rauchen: im Haus und in den Zimmern nicht gestattet.<\/p>\n\n\n\n<p class=\"gb-headline gb-headline-e966d245 gb-headline-text\">Eingeschr\u00e4nkte Mobilit\u00e4t: nicht angepasst.<\/p>\n\n\n\n<p class=\"gb-headline gb-headline-7dd0e62d gb-headline-text\">\u2022 Junggesellenabschiede: nicht erlaubt. Altersrichtlinie: Gruppen m\u00fcssen Personen \u00fcber 21 umfassen.<\/p>\n\n<\/div><\/div>\n<\/div>\n<\/div>","protected":false},"excerpt":{"rendered":"","protected":false},"author":1,"featured_media":0,"parent":0,"menu_order":0,"comment_status":"closed","ping_status":"closed","template":"","meta":{"_acf_changed":false,"footnotes":""},"class_list":["post-513","page","type-page","status-publish"],"acf":[],"yoast_head":"<!-- This site is optimized with the Yoast SEO plugin v25.2 - https:\/\/yoast.com\/wordpress\/plugins\/seo\/ -->\n<title>Reserves - Son Esteve Mallorca<\/title>\n<meta name=\"robots\" content=\"index, follow, max-snippet:-1, max-image-preview:large, max-video-preview:-1\" \/>\n<link rel=\"canonical\" href=\"https:\/\/sonestevemallorca.com\/de\/reservierungen\/\" \/>\n<meta property=\"og:locale\" content=\"de_DE\" \/>\n<meta property=\"og:type\" content=\"article\" \/>\n<meta property=\"og:title\" content=\"Reserves - Son Esteve Mallorca\" \/>\n<meta property=\"og:url\" content=\"https:\/\/sonestevemallorca.com\/de\/reservierungen\/\" \/>\n<meta property=\"og:site_name\" content=\"Son Esteve Mallorca\" \/>\n<meta property=\"article:modified_time\" content=\"2023-03-22T22:23:42+00:00\" \/>\n<meta name=\"twitter:card\" content=\"summary_large_image\" \/>\n<meta name=\"twitter:label1\" content=\"Gesch\u00e4tzte Lesezeit\" \/>\n\t<meta name=\"twitter:data1\" content=\"3\u00a0Minuten\" \/>\n<script type=\"application\/ld+json\" class=\"yoast-schema-graph\">{\"@context\":\"https:\/\/schema.org\",\"@graph\":[{\"@type\":\"WebPage\",\"@id\":\"https:\/\/sonestevemallorca.com\/reserves\/\",\"url\":\"https:\/\/sonestevemallorca.com\/reserves\/\",\"name\":\"Reserves - Son Esteve Mallorca\",\"isPartOf\":{\"@id\":\"https:\/\/sonestevemallorca.com\/#website\"},\"datePublished\":\"2023-03-21T08:25:13+00:00\",\"dateModified\":\"2023-03-22T22:23:42+00:00\",\"breadcrumb\":{\"@id\":\"https:\/\/sonestevemallorca.com\/reserves\/#breadcrumb\"},\"inLanguage\":\"de\",\"potentialAction\":[{\"@type\":\"ReadAction\",\"target\":[\"https:\/\/sonestevemallorca.com\/reserves\/\"]}]},{\"@type\":\"BreadcrumbList\",\"@id\":\"https:\/\/sonestevemallorca.com\/reserves\/#breadcrumb\",\"itemListElement\":[{\"@type\":\"ListItem\",\"position\":1,\"name\":\"Inici\",\"item\":\"https:\/\/sonestevemallorca.com\/\"},{\"@type\":\"ListItem\",\"position\":2,\"name\":\"Reserves\"}]},{\"@type\":\"WebSite\",\"@id\":\"https:\/\/sonestevemallorca.com\/#website\",\"url\":\"https:\/\/sonestevemallorca.com\/\",\"name\":\"Son Esteve Mallorca\",\"description\":\"Allotjament tur\u00edstic\",\"publisher\":{\"@id\":\"https:\/\/sonestevemallorca.com\/#organization\"},\"potentialAction\":[{\"@type\":\"SearchAction\",\"target\":{\"@type\":\"EntryPoint\",\"urlTemplate\":\"https:\/\/sonestevemallorca.com\/?s={search_term_string}\"},\"query-input\":{\"@type\":\"PropertyValueSpecification\",\"valueRequired\":true,\"valueName\":\"search_term_string\"}}],\"inLanguage\":\"de\"},{\"@type\":\"Organization\",\"@id\":\"https:\/\/sonestevemallorca.com\/#organization\",\"name\":\"Agroturisme\",\"url\":\"https:\/\/sonestevemallorca.com\/\",\"logo\":{\"@type\":\"ImageObject\",\"inLanguage\":\"de\",\"@id\":\"https:\/\/sonestevemallorca.com\/#\/schema\/logo\/image\/\",\"url\":\"https:\/\/sonestevemallorca.com\/wp-content\/uploads\/2023\/03\/SON_ESTEVE_logo.svg\",\"contentUrl\":\"https:\/\/sonestevemallorca.com\/wp-content\/uploads\/2023\/03\/SON_ESTEVE_logo.svg\",\"width\":437,\"height\":148,\"caption\":\"Agroturisme\"},\"image\":{\"@id\":\"https:\/\/sonestevemallorca.com\/#\/schema\/logo\/image\/\"},\"sameAs\":[\"https:\/\/www.youtube.com\/@SonEsteveMallorca\",\"https:\/\/www.instagram.com\/fincahotelsonesteve\/\"]}]}<\/script>\n<!-- \/ Yoast SEO plugin. -->","yoast_head_json":{"title":"Reserves - Son Esteve Mallorca","robots":{"index":"index","follow":"follow","max-snippet":"max-snippet:-1","max-image-preview":"max-image-preview:large","max-video-preview":"max-video-preview:-1"},"canonical":"https:\/\/sonestevemallorca.com\/de\/reservierungen\/","og_locale":"de_DE","og_type":"article","og_title":"Reserves - Son Esteve Mallorca","og_url":"https:\/\/sonestevemallorca.com\/de\/reservierungen\/","og_site_name":"Son Esteve Mallorca","article_modified_time":"2023-03-22T22:23:42+00:00","twitter_card":"summary_large_image","twitter_misc":{"Gesch\u00e4tzte Lesezeit":"3\u00a0Minuten"},"schema":{"@context":"https:\/\/schema.org","@graph":[{"@type":"WebPage","@id":"https:\/\/sonestevemallorca.com\/reserves\/","url":"https:\/\/sonestevemallorca.com\/reserves\/","name":"Reserves - Son Esteve Mallorca","isPartOf":{"@id":"https:\/\/sonestevemallorca.com\/#website"},"datePublished":"2023-03-21T08:25:13+00:00","dateModified":"2023-03-22T22:23:42+00:00","breadcrumb":{"@id":"https:\/\/sonestevemallorca.com\/reserves\/#breadcrumb"},"inLanguage":"de","potentialAction":[{"@type":"ReadAction","target":["https:\/\/sonestevemallorca.com\/reserves\/"]}]},{"@type":"BreadcrumbList","@id":"https:\/\/sonestevemallorca.com\/reserves\/#breadcrumb","itemListElement":[{"@type":"ListItem","position":1,"name":"Inici","item":"https:\/\/sonestevemallorca.com\/"},{"@type":"ListItem","position":2,"name":"Reserves"}]},{"@type":"WebSite","@id":"https:\/\/sonestevemallorca.com\/#website","url":"https:\/\/sonestevemallorca.com\/","name":"Son Esteve Mallorca","description":"Allotjament tur\u00edstic","publisher":{"@id":"https:\/\/sonestevemallorca.com\/#organization"},"potentialAction":[{"@type":"SearchAction","target":{"@type":"EntryPoint","urlTemplate":"https:\/\/sonestevemallorca.com\/?s={search_term_string}"},"query-input":{"@type":"PropertyValueSpecification","valueRequired":true,"valueName":"search_term_string"}}],"inLanguage":"de"},{"@type":"Organization","@id":"https:\/\/sonestevemallorca.com\/#organization","name":"Agroturisme","url":"https:\/\/sonestevemallorca.com\/","logo":{"@type":"ImageObject","inLanguage":"de","@id":"https:\/\/sonestevemallorca.com\/#\/schema\/logo\/image\/","url":"https:\/\/sonestevemallorca.com\/wp-content\/uploads\/2023\/03\/SON_ESTEVE_logo.svg","contentUrl":"https:\/\/sonestevemallorca.com\/wp-content\/uploads\/2023\/03\/SON_ESTEVE_logo.svg","width":437,"height":148,"caption":"Agroturisme"},"image":{"@id":"https:\/\/sonestevemallorca.com\/#\/schema\/logo\/image\/"},"sameAs":["https:\/\/www.youtube.com\/@SonEsteveMallorca","https:\/\/www.instagram.com\/fincahotelsonesteve\/"]}]}},"_links":{"self":[{"href":"https:\/\/sonestevemallorca.com\/de\/wp-json\/wp\/v2\/pages\/513","targetHints":{"allow":["GET"]}}],"collection":[{"href":"https:\/\/sonestevemallorca.com\/de\/wp-json\/wp\/v2\/pages"}],"about":[{"href":"https:\/\/sonestevemallorca.com\/de\/wp-json\/wp\/v2\/types\/page"}],"author":[{"embeddable":true,"href":"https:\/\/sonestevemallorca.com\/de\/wp-json\/wp\/v2\/users\/1"}],"replies":[{"embeddable":true,"href":"https:\/\/sonestevemallorca.com\/de\/wp-json\/wp\/v2\/comments?post=513"}],"version-history":[{"count":31,"href":"https:\/\/sonestevemallorca.com\/de\/wp-json\/wp\/v2\/pages\/513\/revisions"}],"predecessor-version":[{"id":1094,"href":"https:\/\/sonestevemallorca.com\/de\/wp-json\/wp\/v2\/pages\/513\/revisions\/1094"}],"wp:attachment":[{"href":"https:\/\/sonestevemallorca.com\/de\/wp-json\/wp\/v2\/media?parent=513"}],"curies":[{"name":"wp","href":"https:\/\/api.w.org\/{rel}","templated":true}]}}