{"id":513,"date":"2023-03-21T08:25:13","date_gmt":"2023-03-21T08:25:13","guid":{"rendered":"https:\/\/sonesteve.tandem.ws\/?page_id=513"},"modified":"2023-03-22T22:23:42","modified_gmt":"2023-03-22T22:23:42","slug":"reserves","status":"publish","type":"page","link":"https:\/\/sonestevemallorca.com\/es\/reservas\/","title":{"rendered":"Reservas"},"content":{"rendered":"<div class=\"gb-container gb-container-5b037522\">\n\n<div class=\"wp-block-cb-carousel cb-single-slide carrusel_portada\" data-slick=\"{&quot;slidesToShow&quot;:1,&quot;slidesToScroll&quot;:1,&quot;speed&quot;:300,&quot;arrows&quot;:false,&quot;dots&quot;:false,&quot;autoplay&quot;:false,&quot;autoplaySpeed&quot;:3000,&quot;infinite&quot;:false,&quot;responsive&quot;:[{&quot;breakpoint&quot;:769,&quot;settings&quot;:{&quot;slidesToShow&quot;:1,&quot;slidesToScroll&quot;:1}}]}\">\n<div class=\"wp-block-cb-slide\"><div class=\"gb-container gb-container-f8908c1f\">\n\n<h1 class=\"gb-headline gb-headline-1cc7b5da gb-headline-text titol_slider\">Reservas<\/h1>\n\n\n\n<h2 class=\"gb-headline gb-headline-d267d249 gb-headline-text titol_slider\">En Son Esteve gestionamos nuestras reservas a trav\u00e9s de la plataforma <strong><a rel=\"noreferrer noopener\" href=\"https:\/\/holidaytravelchannel.com\/apartments-andratx\/historical-house-mallorca-pool-wifi-aircon\/heat-h1029\/\" target=\"_blank\">HOLIDAY TRAVEL CHANEL<\/a><\/strong><\/h2>\n\n\n<div class=\"gb-container gb-container-8e0eef8b\">\n\n<a class=\"gb-button gb-button-45f99091\" href=\"https:\/\/holidaytravelchannel.com\/apartments-andratx\/historical-house-mallorca-pool-wifi-aircon\/heat-h1029\/\" target=\"_blank\" rel=\"noopener noreferrer\"><span class=\"gb-button-text\">Haz su reserva AHORA<\/span><span class=\"gb-icon\"><svg height=\"24\" width=\"24\" viewbox=\"0 0 24 24\" xmlns=\"http:\/\/www.w3.org\/2000\/svg\"><path d=\"M0 0h24v24H0z\" fill=\"none\"><\/path><path d=\"M16.172 11l-5.364-5.364 1.414-1.414L20 12l-7.778 7.778-1.414-1.414L16.172 13H4v-2z\"><\/path><\/svg><\/span><\/a>\n\n<\/div>\n<\/div><\/div>\n<\/div>\n\n<\/div>\n\n<div class=\"gb-container gb-container-6524fb01\">\n<div class=\"gb-grid-wrapper gb-grid-wrapper-a83a7ce9\">\n<div class=\"gb-grid-column gb-grid-column-572f648c\"><div class=\"gb-container gb-container-572f648c\">\n\n<h3 class=\"gb-headline gb-headline-e7654f0f gb-headline-text\">Temporada media<\/h3>\n\n\n\n<p class=\"gb-headline gb-headline-a7891f5b gb-headline-text\">\u2022 <strong>Semana Santa:<\/strong>  del 31\/03 al 10\/04 de 2023. M\u00ednimo 2 noches.<\/p>\n\n\n\n<p class=\"gb-headline gb-headline-1f2c4635 gb-headline-text\">\u2022 <strong>Fiestas de Navidad:<\/strong>del 22 al 31\/12\/2023 y del 1 al 07\/01\/2024. M\u00ednimo 2 noches.<\/p>\n\n\n\n<p class=\"gb-headline gb-headline-1871cbde gb-headline-text\">\u2022 <strong>Puentes y fines de semana<\/strong> con festivos. M\u00ednimo 2 noche<\/p>\n\n\n\n<h3 class=\"gb-headline gb-headline-949c3870 gb-headline-text\">Temporada alta<\/h3>\n\n\n\n<p class=\"gb-headline gb-headline-22c98bfd gb-headline-text\">\u2022 <strong>Verano<\/strong>del 23\/06 hasta el 11\/09 de 2023. M\u00ednimo 3 noches.<\/p>\n\n\n\n<h3 class=\"gb-headline gb-headline-ba167ee8 gb-headline-text\">Pol\u00edtica de cancelaci\u00f3n<\/h3>\n\n\n\n<p class=\"gb-headline gb-headline-25168a9e gb-headline-text\">\u2022 En caso de anulaci\u00f3n fuera de plazo de la reserva, en caso de no presentarse el d\u00eda indicado o de marcharse antes del d\u00eda previsto de salida, la casa mantendr\u00e1 como propio el dep\u00f3sito en concepto de da\u00f1os y perjuicios.<\/p>\n\n\n\n<p class=\"gb-headline gb-headline-d777af0b gb-headline-text\">\u2022 Cuando la anulaci\u00f3n de la reserva se produzca con 15 d\u00edas de antelaci\u00f3n a la fecha de entrada, Son Esteve devolver\u00e1 la totalidad del importe del dep\u00f3sito al cliente.<\/p>\n\n<\/div><\/div>\n\n<div class=\"gb-grid-column gb-grid-column-7a6a31db\"><div class=\"gb-container gb-container-7a6a31db\">\n\n<h3 class=\"gb-headline gb-headline-36113080 gb-headline-text\">Informaci\u00f3n estancia<\/h3>\n\n\n\n<p class=\"gb-headline gb-headline-b3dff0d2 gb-headline-text\">\u2022 Alquiler de la casa entera y en r\u00e9gimen de exclusividad.<\/p>\n\n\n\n<p class=\"gb-headline gb-headline-6f893ab7 gb-headline-text\">\u2022 La estancia no incluye el servicio de desayunos, comidas ni cenas.<\/p>\n\n\n\n<p class=\"gb-headline gb-headline-3841ea04 gb-headline-text\">\u2022 Entrada a las 15:00 h, salida a las 10:00 h<\/p>\n\n\n\n<p class=\"gb-headline gb-headline-1dd7254b gb-headline-text\">\u2022 Procuramos satisfacer las necesidades de los hu\u00e9spedes para que sus vacaciones funcionen sin problemas. Si necesitas llegar a la casa o salir m\u00e1s pronto o m\u00e1s tarde, te rogamos que nos lo comuniques en el momento de realizar la reserva y haremos lo posible para satisfacerte.<\/p>\n\n\n\n<p class=\"gb-headline gb-headline-e786ffa0 gb-headline-text\">\u2022 Pedimos informaci\u00f3n sobre el d\u00eda y la hora de llegada y salida de tus vuelos para organizar mejor la acogida y la salida de la clientela.<\/p>\n\n\n\n<p class=\"gb-headline gb-headline-cba6f1fc gb-headline-text\">\u2022 Est\u00e1 prohibido fumar en el interior de la casa.<\/p>\n\n\n\n<p class=\"gb-headline gb-headline-8aed2398 gb-headline-text\">\u2022 Recordamos a las familias con menores que en las instalaciones de la piscina los ni\u00f1os deben estar supervisados por personas adultas responsables.<\/p>\n\n\n\n<p class=\"gb-headline gb-headline-7f9adf61 gb-headline-text\">\u2022 Existe un cargo en concepto de limpieza final y lavander\u00eda.<\/p>\n\n\n\n<p class=\"gb-headline gb-headline-317e4446 gb-headline-text\">\u2022 Los precios de esta empresa son en euros.<\/p>\n\n\n\n<p class=\"gb-headline gb-headline-6db4fbdd gb-headline-text\">\u2022 Se requieren dep\u00f3sitos reembolsables por cualquier da\u00f1o a la propiedad y su contenido, que se reembolsar\u00e1n 48 horas despu\u00e9s de la salida mediante transferencia bancaria. Por esto, te pediremos tus datos bancarios (nombre completo, nombre y direcci\u00f3n del banco, IBAN, n\u00famero swift o byc) previamente o al llegar.<\/p>\n\n\n\n<p class=\"gb-headline gb-headline-c400284e gb-headline-text\">\u2022 Tambi\u00e9n se hacen reservas para alquileres largos en invierno. Los precios son a convenir.<\/p>\n\n<\/div><\/div>\n\n<div class=\"gb-grid-column gb-grid-column-ea68fe7a\"><div class=\"gb-container gb-container-ea68fe7a\">\n\n<p class=\"gb-headline gb-headline-411a14b5 gb-headline-text\">\u2022 En la reserva de esta propiedad est\u00e1 incluido el consumo de electricidad hasta un coste de 200 euros. Cualquier consumo adicional se cobrar\u00e1 a 0,35\u20ac\/KWh. Los n\u00fameros del contador se registrar\u00e1n a la entrada y a la salida. Si hay un consumo adicional, se pagar\u00e1 en el momento de marcharse. El cliente tendr\u00e1 acceso para verificar los contadores de electricidad en todo momento.<\/p>\n\n\n\n<p class=\"gb-headline gb-headline-712c2978 gb-headline-text\">\u2022 A partir del 1 de enero de 2018, el Govern Balear exige una Tasa tur\u00edstica Balear, a pagar en el momento de la reserva. Los precios var\u00edan en funci\u00f3n de la duraci\u00f3n de la estancia y de la temporada (baja o alta). Este impuesto se aplica a los viajeros mayores de 16 a\u00f1os. Se debe pagar al llegar, en el registro de entrada, si no se ha hecho antes.<\/p>\n\n\n\n<p class=\"gb-headline gb-headline-ae03dbff gb-headline-text\">\u2022 La finca est\u00e1 totalmente equipada para realizar estancias en invierno, dispone de calefacci\u00f3n centralizada y chimenea.<\/p>\n\n\n\n<p class=\"gb-headline gb-headline-c065a26a gb-headline-text\">\u2022 Todas las basuras y desechos deben retirarse de la casa el d\u00eda de la salida, de lo contrario se cobrar\u00e1 un suplemento de 50\u20ac.<\/p>\n\n\n\n<p class=\"gb-headline gb-headline-59916dbe gb-headline-text\">\u2022 Las instalaciones no est\u00e1n adaptadas para personas con movilidad reducida.<\/p>\n\n\n\n<p class=\"gb-headline gb-headline-a9081d6d gb-headline-text\">\u2022 No se admiten animales de compa\u00f1\u00eda.<\/p>\n\n\n\n<p class=\"gb-headline gb-headline-e966d245 gb-headline-text\">\u2022 No se permite fumar en el interior de la propiedad.<\/p>\n\n\n\n<p class=\"gb-headline gb-headline-7dd0e62d gb-headline-text\">\u2022 No se permiten grupos ni celebraciones sin garant\u00eda de control, respeto y buena convivencia.<\/p>\n\n<\/div><\/div>\n<\/div>\n<\/div>","protected":false},"excerpt":{"rendered":"","protected":false},"author":1,"featured_media":0,"parent":0,"menu_order":0,"comment_status":"closed","ping_status":"closed","template":"","meta":{"_acf_changed":false,"footnotes":""},"class_list":["post-513","page","type-page","status-publish"],"acf":[],"yoast_head":"<!-- This site is optimized with the Yoast SEO plugin v25.2 - https:\/\/yoast.com\/wordpress\/plugins\/seo\/ -->\n<title>Reserves - Son Esteve Mallorca<\/title>\n<meta name=\"robots\" content=\"index, follow, max-snippet:-1, max-image-preview:large, max-video-preview:-1\" \/>\n<link rel=\"canonical\" href=\"https:\/\/sonestevemallorca.com\/es\/reservas\/\" \/>\n<meta property=\"og:locale\" content=\"es_ES\" \/>\n<meta property=\"og:type\" content=\"article\" \/>\n<meta property=\"og:title\" content=\"Reserves - Son Esteve Mallorca\" \/>\n<meta property=\"og:url\" content=\"https:\/\/sonestevemallorca.com\/es\/reservas\/\" \/>\n<meta property=\"og:site_name\" content=\"Son Esteve Mallorca\" \/>\n<meta property=\"article:modified_time\" content=\"2023-03-22T22:23:42+00:00\" \/>\n<meta name=\"twitter:card\" content=\"summary_large_image\" \/>\n<meta name=\"twitter:label1\" content=\"Tiempo de lectura\" \/>\n\t<meta name=\"twitter:data1\" content=\"3 minutos\" \/>\n<script type=\"application\/ld+json\" class=\"yoast-schema-graph\">{\"@context\":\"https:\/\/schema.org\",\"@graph\":[{\"@type\":\"WebPage\",\"@id\":\"https:\/\/sonestevemallorca.com\/reserves\/\",\"url\":\"https:\/\/sonestevemallorca.com\/reserves\/\",\"name\":\"Reserves - Son Esteve Mallorca\",\"isPartOf\":{\"@id\":\"https:\/\/sonestevemallorca.com\/#website\"},\"datePublished\":\"2023-03-21T08:25:13+00:00\",\"dateModified\":\"2023-03-22T22:23:42+00:00\",\"breadcrumb\":{\"@id\":\"https:\/\/sonestevemallorca.com\/reserves\/#breadcrumb\"},\"inLanguage\":\"es\",\"potentialAction\":[{\"@type\":\"ReadAction\",\"target\":[\"https:\/\/sonestevemallorca.com\/reserves\/\"]}]},{\"@type\":\"BreadcrumbList\",\"@id\":\"https:\/\/sonestevemallorca.com\/reserves\/#breadcrumb\",\"itemListElement\":[{\"@type\":\"ListItem\",\"position\":1,\"name\":\"Inici\",\"item\":\"https:\/\/sonestevemallorca.com\/\"},{\"@type\":\"ListItem\",\"position\":2,\"name\":\"Reserves\"}]},{\"@type\":\"WebSite\",\"@id\":\"https:\/\/sonestevemallorca.com\/#website\",\"url\":\"https:\/\/sonestevemallorca.com\/\",\"name\":\"Son Esteve Mallorca\",\"description\":\"Allotjament tur\u00edstic\",\"publisher\":{\"@id\":\"https:\/\/sonestevemallorca.com\/#organization\"},\"potentialAction\":[{\"@type\":\"SearchAction\",\"target\":{\"@type\":\"EntryPoint\",\"urlTemplate\":\"https:\/\/sonestevemallorca.com\/?s={search_term_string}\"},\"query-input\":{\"@type\":\"PropertyValueSpecification\",\"valueRequired\":true,\"valueName\":\"search_term_string\"}}],\"inLanguage\":\"es\"},{\"@type\":\"Organization\",\"@id\":\"https:\/\/sonestevemallorca.com\/#organization\",\"name\":\"Agroturisme\",\"url\":\"https:\/\/sonestevemallorca.com\/\",\"logo\":{\"@type\":\"ImageObject\",\"inLanguage\":\"es\",\"@id\":\"https:\/\/sonestevemallorca.com\/#\/schema\/logo\/image\/\",\"url\":\"https:\/\/sonestevemallorca.com\/wp-content\/uploads\/2023\/03\/SON_ESTEVE_logo.svg\",\"contentUrl\":\"https:\/\/sonestevemallorca.com\/wp-content\/uploads\/2023\/03\/SON_ESTEVE_logo.svg\",\"width\":437,\"height\":148,\"caption\":\"Agroturisme\"},\"image\":{\"@id\":\"https:\/\/sonestevemallorca.com\/#\/schema\/logo\/image\/\"},\"sameAs\":[\"https:\/\/www.youtube.com\/@SonEsteveMallorca\",\"https:\/\/www.instagram.com\/fincahotelsonesteve\/\"]}]}<\/script>\n<!-- \/ Yoast SEO plugin. -->","yoast_head_json":{"title":"Reserves - Son Esteve Mallorca","robots":{"index":"index","follow":"follow","max-snippet":"max-snippet:-1","max-image-preview":"max-image-preview:large","max-video-preview":"max-video-preview:-1"},"canonical":"https:\/\/sonestevemallorca.com\/es\/reservas\/","og_locale":"es_ES","og_type":"article","og_title":"Reserves - Son Esteve Mallorca","og_url":"https:\/\/sonestevemallorca.com\/es\/reservas\/","og_site_name":"Son Esteve Mallorca","article_modified_time":"2023-03-22T22:23:42+00:00","twitter_card":"summary_large_image","twitter_misc":{"Tiempo de lectura":"3 minutos"},"schema":{"@context":"https:\/\/schema.org","@graph":[{"@type":"WebPage","@id":"https:\/\/sonestevemallorca.com\/reserves\/","url":"https:\/\/sonestevemallorca.com\/reserves\/","name":"Reserves - Son Esteve Mallorca","isPartOf":{"@id":"https:\/\/sonestevemallorca.com\/#website"},"datePublished":"2023-03-21T08:25:13+00:00","dateModified":"2023-03-22T22:23:42+00:00","breadcrumb":{"@id":"https:\/\/sonestevemallorca.com\/reserves\/#breadcrumb"},"inLanguage":"es","potentialAction":[{"@type":"ReadAction","target":["https:\/\/sonestevemallorca.com\/reserves\/"]}]},{"@type":"BreadcrumbList","@id":"https:\/\/sonestevemallorca.com\/reserves\/#breadcrumb","itemListElement":[{"@type":"ListItem","position":1,"name":"Inici","item":"https:\/\/sonestevemallorca.com\/"},{"@type":"ListItem","position":2,"name":"Reserves"}]},{"@type":"WebSite","@id":"https:\/\/sonestevemallorca.com\/#website","url":"https:\/\/sonestevemallorca.com\/","name":"Son Esteve Mallorca","description":"Allotjament tur\u00edstic","publisher":{"@id":"https:\/\/sonestevemallorca.com\/#organization"},"potentialAction":[{"@type":"SearchAction","target":{"@type":"EntryPoint","urlTemplate":"https:\/\/sonestevemallorca.com\/?s={search_term_string}"},"query-input":{"@type":"PropertyValueSpecification","valueRequired":true,"valueName":"search_term_string"}}],"inLanguage":"es"},{"@type":"Organization","@id":"https:\/\/sonestevemallorca.com\/#organization","name":"Agroturisme","url":"https:\/\/sonestevemallorca.com\/","logo":{"@type":"ImageObject","inLanguage":"es","@id":"https:\/\/sonestevemallorca.com\/#\/schema\/logo\/image\/","url":"https:\/\/sonestevemallorca.com\/wp-content\/uploads\/2023\/03\/SON_ESTEVE_logo.svg","contentUrl":"https:\/\/sonestevemallorca.com\/wp-content\/uploads\/2023\/03\/SON_ESTEVE_logo.svg","width":437,"height":148,"caption":"Agroturisme"},"image":{"@id":"https:\/\/sonestevemallorca.com\/#\/schema\/logo\/image\/"},"sameAs":["https:\/\/www.youtube.com\/@SonEsteveMallorca","https:\/\/www.instagram.com\/fincahotelsonesteve\/"]}]}},"_links":{"self":[{"href":"https:\/\/sonestevemallorca.com\/es\/wp-json\/wp\/v2\/pages\/513","targetHints":{"allow":["GET"]}}],"collection":[{"href":"https:\/\/sonestevemallorca.com\/es\/wp-json\/wp\/v2\/pages"}],"about":[{"href":"https:\/\/sonestevemallorca.com\/es\/wp-json\/wp\/v2\/types\/page"}],"author":[{"embeddable":true,"href":"https:\/\/sonestevemallorca.com\/es\/wp-json\/wp\/v2\/users\/1"}],"replies":[{"embeddable":true,"href":"https:\/\/sonestevemallorca.com\/es\/wp-json\/wp\/v2\/comments?post=513"}],"version-history":[{"count":31,"href":"https:\/\/sonestevemallorca.com\/es\/wp-json\/wp\/v2\/pages\/513\/revisions"}],"predecessor-version":[{"id":1094,"href":"https:\/\/sonestevemallorca.com\/es\/wp-json\/wp\/v2\/pages\/513\/revisions\/1094"}],"wp:attachment":[{"href":"https:\/\/sonestevemallorca.com\/es\/wp-json\/wp\/v2\/media?parent=513"}],"curies":[{"name":"wp","href":"https:\/\/api.w.org\/{rel}","templated":true}]}}