{"id":513,"date":"2023-03-21T08:25:13","date_gmt":"2023-03-21T08:25:13","guid":{"rendered":"https:\/\/sonesteve.tandem.ws\/?page_id=513"},"modified":"2023-03-22T22:23:42","modified_gmt":"2023-03-22T22:23:42","slug":"reserves","status":"publish","type":"page","link":"https:\/\/sonestevemallorca.com\/fr\/reservations\/","title":{"rendered":"R\u00e9servations"},"content":{"rendered":"<div class=\"gb-container gb-container-5b037522\">\n\n<div class=\"wp-block-cb-carousel cb-single-slide carrusel_portada\" data-slick=\"{&quot;slidesToShow&quot;:1,&quot;slidesToScroll&quot;:1,&quot;speed&quot;:300,&quot;arrows&quot;:false,&quot;dots&quot;:false,&quot;autoplay&quot;:false,&quot;autoplaySpeed&quot;:3000,&quot;infinite&quot;:false,&quot;responsive&quot;:[{&quot;breakpoint&quot;:769,&quot;settings&quot;:{&quot;slidesToShow&quot;:1,&quot;slidesToScroll&quot;:1}}]}\">\n<div class=\"wp-block-cb-slide\"><div class=\"gb-container gb-container-f8908c1f\">\n\n<h1 class=\"gb-headline gb-headline-1cc7b5da gb-headline-text titol_slider\">R\u00e9servations<\/h1>\n\n\n\n<h2 class=\"gb-headline gb-headline-d267d249 gb-headline-text titol_slider\">\u00c0 Son Esteve, nous g\u00e9rons nos r\u00e9servations via la plateforme <strong><a rel=\"noreferrer noopener\" href=\"https:\/\/holidaytravelchannel.com\/apartments-andratx\/historical-house-mallorca-pool-wifi-aircon\/heat-h1029\/\" target=\"_blank\">HOLIDAY TRAVEL CHANEL<\/a><\/strong><\/h2>\n\n\n<div class=\"gb-container gb-container-8e0eef8b\">\n\n<a class=\"gb-button gb-button-45f99091\" href=\"https:\/\/holidaytravelchannel.com\/apartments-andratx\/historical-house-mallorca-pool-wifi-aircon\/heat-h1029\/\" target=\"_blank\" rel=\"noopener noreferrer\"><span class=\"gb-button-text\">Faites votre r\u00e9servation MAINTENANT<\/span><span class=\"gb-icon\"><svg height=\"24\" width=\"24\" viewbox=\"0 0 24 24\" xmlns=\"http:\/\/www.w3.org\/2000\/svg\"><path d=\"M0 0h24v24H0z\" fill=\"none\"><\/path><path d=\"M16.172 11l-5.364-5.364 1.414-1.414L20 12l-7.778 7.778-1.414-1.414L16.172 13H4v-2z\"><\/path><\/svg><\/span><\/a>\n\n<\/div>\n<\/div><\/div>\n<\/div>\n\n<\/div>\n\n<div class=\"gb-container gb-container-6524fb01\">\n<div class=\"gb-grid-wrapper gb-grid-wrapper-a83a7ce9\">\n<div class=\"gb-grid-column gb-grid-column-572f648c\"><div class=\"gb-container gb-container-572f648c\">\n\n<h3 class=\"gb-headline gb-headline-e7654f0f gb-headline-text\">Mi-saison<\/h3>\n\n\n\n<p class=\"gb-headline gb-headline-a7891f5b gb-headline-text\">\u2022 <strong>P\u00e2ques:<\/strong>  du 31\/03 au 10\/04 2023. Minimum 2 nuits.<\/p>\n\n\n\n<p class=\"gb-headline gb-headline-1f2c4635 gb-headline-text\">\u2022 <strong>Vacances de No\u00ebl :<\/strong>du 22 au 31\/12\/2023 et du 1 au 07\/01\/2024. Minimum 2 nuits.<\/p>\n\n\n\n<p class=\"gb-headline gb-headline-1871cbde gb-headline-text\">\u2022 <strong>Vacances et week-ends<\/strong> avec jours f\u00e9ri\u00e9s. Minimum 2 nuits<\/p>\n\n\n\n<h3 class=\"gb-headline gb-headline-949c3870 gb-headline-text\">Haute saison<\/h3>\n\n\n\n<p class=\"gb-headline gb-headline-22c98bfd gb-headline-text\">\u2022 <strong>\u00c9t\u00e9<\/strong>du 23\/06 au 11\/09 2023. Minimum 3 nuits.<\/p>\n\n\n\n<h3 class=\"gb-headline gb-headline-ba167ee8 gb-headline-text\">Politique d'annulation<\/h3>\n\n\n\n<p class=\"gb-headline gb-headline-25168a9e gb-headline-text\">\u2022 En cas d'annulation de la r\u00e9servation hors d\u00e9lai, en cas de non pr\u00e9sentation le jour indiqu\u00e9 ou de d\u00e9part avant le jour pr\u00e9vu, la maison conservera l'acompte pour dommages et int\u00e9r\u00eats.<\/p>\n\n\n\n<p class=\"gb-headline gb-headline-d777af0b gb-headline-text\">\u2022 Lorsque l'annulation de la r\u00e9servation intervient 15 jours avant la date d'entr\u00e9e, Son Esteve restituera le montant total de l'acompte au client.<\/p>\n\n<\/div><\/div>\n\n<div class=\"gb-grid-column gb-grid-column-7a6a31db\"><div class=\"gb-container gb-container-7a6a31db\">\n\n<h3 class=\"gb-headline gb-headline-36113080 gb-headline-text\">Informations sur le s\u00e9jour<\/h3>\n\n\n\n<p class=\"gb-headline gb-headline-b3dff0d2 gb-headline-text\">\u2022 Location de la maison enti\u00e8re et en exclusivit\u00e9.<\/p>\n\n\n\n<p class=\"gb-headline gb-headline-6f893ab7 gb-headline-text\">\u2022 Le s\u00e9jour ne comprend pas le petit-d\u00e9jeuner, le d\u00e9jeuner ou le d\u00eener.<\/p>\n\n\n\n<p class=\"gb-headline gb-headline-3841ea04 gb-headline-text\">\u2022 Check-in \u00e0 15h, check-out \u00e0 10h<\/p>\n\n\n\n<p class=\"gb-headline gb-headline-1dd7254b gb-headline-text\">\u2022 Nous essayons de r\u00e9pondre aux besoins de chacun pour que vos vacances se d\u00e9roulent sans encombre. Si vous devez arriver ou quitter la maison plus t\u00f4t ou plus tard, veuillez nous en informer au moment de la r\u00e9servation et nous ferons de notre mieux pour vous satisfaire.<\/p>\n\n\n\n<p class=\"gb-headline gb-headline-e786ffa0 gb-headline-text\">\u2022 Nous demandons des informations sur le jour et l'heure d'arriv\u00e9e et de d\u00e9part de vos vols pour organiser mieux l'accueil et le d\u00e9part de la client\u00e8le.<\/p>\n\n\n\n<p class=\"gb-headline gb-headline-cba6f1fc gb-headline-text\">\u2022 Il est interdit de fumer \u00e0 l'int\u00e9rieur de la maison.<\/p>\n\n\n\n<p class=\"gb-headline gb-headline-8aed2398 gb-headline-text\">\u2022 Nous rappelons aux familles avec enfants que les enfants doivent \u00eatre surveill\u00e9s par des adultes responsables dans les installations de la piscine.<\/p>\n\n\n\n<p class=\"gb-headline gb-headline-7f9adf61 gb-headline-text\">\u2022 Il y a des frais pour le nettoyage final et la blanchisserie.<\/p>\n\n\n\n<p class=\"gb-headline gb-headline-317e4446 gb-headline-text\">\u2022 Les prix de cette entreprise sont en euros.<\/p>\n\n\n\n<p class=\"gb-headline gb-headline-6db4fbdd gb-headline-text\">\u2022 Des d\u00e9p\u00f4ts remboursables sont exig\u00e9s pour tout dommage \u00e0 la propri\u00e9t\u00e9 et \u00e0 son contenu, qui seront rembours\u00e9s 48 heures apr\u00e8s le d\u00e9part par virement bancaire. Pour cette raison, nous vous demanderons vos coordonn\u00e9es bancaires (nom, pr\u00e9nom, nom et adresse de la banque, IBAN, num\u00e9ro Swift ou bic) pr\u00e9alablement ou \u00e0 votre arriv\u00e9e.<\/p>\n\n\n\n<p class=\"gb-headline gb-headline-c400284e gb-headline-text\">\u2022 Des r\u00e9servations sont aussi faites pour les locations longues en hiver. Les prix sont n\u00e9gociables.<\/p>\n\n<\/div><\/div>\n\n<div class=\"gb-grid-column gb-grid-column-ea68fe7a\"><div class=\"gb-container gb-container-ea68fe7a\">\n\n<p class=\"gb-headline gb-headline-411a14b5 gb-headline-text\">\u2022 La consommation d'\u00e9lectricit\u00e9 jusqu'\u00e0 un co\u00fbt de 200 euros est incluse dans la r\u00e9servation de ce domaine. Toute consommation suppl\u00e9mentaire sera factur\u00e9e 0,35 \u20ac\/KWh. Les num\u00e9ros de compteur seront enregistr\u00e9s \u00e0 l'entr\u00e9e et \u00e0 la sortie. S'il y a une consommation suppl\u00e9mentaire, elle sera pay\u00e9e au moment du d\u00e9part. Le client aura acc\u00e8s pour v\u00e9rifier les compteurs d'\u00e9lectricit\u00e9 en tout temps.<\/p>\n\n\n\n<p class=\"gb-headline gb-headline-712c2978 gb-headline-text\">\u2022 Depuis le 1er janvier 2018, le gouvernement des Bal\u00e9ares exige une taxe de s\u00e9jour des Bal\u00e9ares, \u00e0 payer au moment de la r\u00e9servation. Les prix varient selon la dur\u00e9e du s\u00e9jour et la saison (basse ou haute). Cette taxe s'applique aux voyageurs de plus de 16 ans. Il doit \u00eatre pay\u00e9 \u00e0 l'arriv\u00e9e, lors de l'enregistrement, si cela n\u2019a pas \u00e9t\u00e9 fait auparavant.<\/p>\n\n\n\n<p class=\"gb-headline gb-headline-ae03dbff gb-headline-text\">\u2022 La propri\u00e9t\u00e9 est enti\u00e8rement \u00e9quip\u00e9e pour les s\u00e9jours d'hiver, elle dispose du chauffage central et d'une chemin\u00e9e.<\/p>\n\n\n\n<p class=\"gb-headline gb-headline-c065a26a gb-headline-text\">\u2022 Toutes les ordures et d\u00e9chets doivent \u00eatre enlev\u00e9s de la maison le jour du d\u00e9part, sinon un suppl\u00e9ment de 50 \u20ac sera factur\u00e9.<\/p>\n\n\n\n<p class=\"gb-headline gb-headline-59916dbe gb-headline-text\">\u2022 Les installations ne sont pas adapt\u00e9es aux personnes \u00e0 mobilit\u00e9 r\u00e9duite.<\/p>\n\n\n\n<p class=\"gb-headline gb-headline-a9081d6d gb-headline-text\">\u2022 Les animaux ne sont pas accept\u00e9s.<\/p>\n\n\n\n<p class=\"gb-headline gb-headline-e966d245 gb-headline-text\">\u2022 Il est interdit de fumer \u00e0 l'int\u00e9rieur de la propri\u00e9t\u00e9.<\/p>\n\n\n\n<p class=\"gb-headline gb-headline-7dd0e62d gb-headline-text\">\u2022 Aucun groupe ou c\u00e9l\u00e9bration n'est autoris\u00e9 sans une garantie de contr\u00f4le, de respect et de bonne coexistence.<\/p>\n\n<\/div><\/div>\n<\/div>\n<\/div>","protected":false},"excerpt":{"rendered":"","protected":false},"author":1,"featured_media":0,"parent":0,"menu_order":0,"comment_status":"closed","ping_status":"closed","template":"","meta":{"_acf_changed":false,"footnotes":""},"class_list":["post-513","page","type-page","status-publish"],"acf":[],"yoast_head":"<!-- This site is optimized with the Yoast SEO plugin v25.2 - https:\/\/yoast.com\/wordpress\/plugins\/seo\/ -->\n<title>Reserves - Son Esteve Mallorca<\/title>\n<meta name=\"robots\" content=\"index, follow, max-snippet:-1, max-image-preview:large, max-video-preview:-1\" \/>\n<link rel=\"canonical\" href=\"https:\/\/sonestevemallorca.com\/fr\/reservations\/\" \/>\n<meta property=\"og:locale\" content=\"fr_FR\" \/>\n<meta property=\"og:type\" content=\"article\" \/>\n<meta property=\"og:title\" content=\"Reserves - Son Esteve Mallorca\" \/>\n<meta property=\"og:url\" content=\"https:\/\/sonestevemallorca.com\/fr\/reservations\/\" \/>\n<meta property=\"og:site_name\" content=\"Son Esteve Mallorca\" \/>\n<meta property=\"article:modified_time\" content=\"2023-03-22T22:23:42+00:00\" \/>\n<meta name=\"twitter:card\" content=\"summary_large_image\" \/>\n<meta name=\"twitter:label1\" content=\"Dur\u00e9e de lecture estim\u00e9e\" \/>\n\t<meta name=\"twitter:data1\" content=\"3 minutes\" \/>\n<script type=\"application\/ld+json\" class=\"yoast-schema-graph\">{\"@context\":\"https:\/\/schema.org\",\"@graph\":[{\"@type\":\"WebPage\",\"@id\":\"https:\/\/sonestevemallorca.com\/reserves\/\",\"url\":\"https:\/\/sonestevemallorca.com\/reserves\/\",\"name\":\"Reserves - Son Esteve Mallorca\",\"isPartOf\":{\"@id\":\"https:\/\/sonestevemallorca.com\/#website\"},\"datePublished\":\"2023-03-21T08:25:13+00:00\",\"dateModified\":\"2023-03-22T22:23:42+00:00\",\"breadcrumb\":{\"@id\":\"https:\/\/sonestevemallorca.com\/reserves\/#breadcrumb\"},\"inLanguage\":\"fr-FR\",\"potentialAction\":[{\"@type\":\"ReadAction\",\"target\":[\"https:\/\/sonestevemallorca.com\/reserves\/\"]}]},{\"@type\":\"BreadcrumbList\",\"@id\":\"https:\/\/sonestevemallorca.com\/reserves\/#breadcrumb\",\"itemListElement\":[{\"@type\":\"ListItem\",\"position\":1,\"name\":\"Inici\",\"item\":\"https:\/\/sonestevemallorca.com\/\"},{\"@type\":\"ListItem\",\"position\":2,\"name\":\"Reserves\"}]},{\"@type\":\"WebSite\",\"@id\":\"https:\/\/sonestevemallorca.com\/#website\",\"url\":\"https:\/\/sonestevemallorca.com\/\",\"name\":\"Son Esteve Mallorca\",\"description\":\"Allotjament tur\u00edstic\",\"publisher\":{\"@id\":\"https:\/\/sonestevemallorca.com\/#organization\"},\"potentialAction\":[{\"@type\":\"SearchAction\",\"target\":{\"@type\":\"EntryPoint\",\"urlTemplate\":\"https:\/\/sonestevemallorca.com\/?s={search_term_string}\"},\"query-input\":{\"@type\":\"PropertyValueSpecification\",\"valueRequired\":true,\"valueName\":\"search_term_string\"}}],\"inLanguage\":\"fr-FR\"},{\"@type\":\"Organization\",\"@id\":\"https:\/\/sonestevemallorca.com\/#organization\",\"name\":\"Agroturisme\",\"url\":\"https:\/\/sonestevemallorca.com\/\",\"logo\":{\"@type\":\"ImageObject\",\"inLanguage\":\"fr-FR\",\"@id\":\"https:\/\/sonestevemallorca.com\/#\/schema\/logo\/image\/\",\"url\":\"https:\/\/sonestevemallorca.com\/wp-content\/uploads\/2023\/03\/SON_ESTEVE_logo.svg\",\"contentUrl\":\"https:\/\/sonestevemallorca.com\/wp-content\/uploads\/2023\/03\/SON_ESTEVE_logo.svg\",\"width\":437,\"height\":148,\"caption\":\"Agroturisme\"},\"image\":{\"@id\":\"https:\/\/sonestevemallorca.com\/#\/schema\/logo\/image\/\"},\"sameAs\":[\"https:\/\/www.youtube.com\/@SonEsteveMallorca\",\"https:\/\/www.instagram.com\/fincahotelsonesteve\/\"]}]}<\/script>\n<!-- \/ Yoast SEO plugin. -->","yoast_head_json":{"title":"Reserves - Son Esteve Mallorca","robots":{"index":"index","follow":"follow","max-snippet":"max-snippet:-1","max-image-preview":"max-image-preview:large","max-video-preview":"max-video-preview:-1"},"canonical":"https:\/\/sonestevemallorca.com\/fr\/reservations\/","og_locale":"fr_FR","og_type":"article","og_title":"Reserves - Son Esteve Mallorca","og_url":"https:\/\/sonestevemallorca.com\/fr\/reservations\/","og_site_name":"Son Esteve Mallorca","article_modified_time":"2023-03-22T22:23:42+00:00","twitter_card":"summary_large_image","twitter_misc":{"Dur\u00e9e de lecture estim\u00e9e":"3 minutes"},"schema":{"@context":"https:\/\/schema.org","@graph":[{"@type":"WebPage","@id":"https:\/\/sonestevemallorca.com\/reserves\/","url":"https:\/\/sonestevemallorca.com\/reserves\/","name":"Reserves - Son Esteve Mallorca","isPartOf":{"@id":"https:\/\/sonestevemallorca.com\/#website"},"datePublished":"2023-03-21T08:25:13+00:00","dateModified":"2023-03-22T22:23:42+00:00","breadcrumb":{"@id":"https:\/\/sonestevemallorca.com\/reserves\/#breadcrumb"},"inLanguage":"fr-FR","potentialAction":[{"@type":"ReadAction","target":["https:\/\/sonestevemallorca.com\/reserves\/"]}]},{"@type":"BreadcrumbList","@id":"https:\/\/sonestevemallorca.com\/reserves\/#breadcrumb","itemListElement":[{"@type":"ListItem","position":1,"name":"Inici","item":"https:\/\/sonestevemallorca.com\/"},{"@type":"ListItem","position":2,"name":"Reserves"}]},{"@type":"WebSite","@id":"https:\/\/sonestevemallorca.com\/#website","url":"https:\/\/sonestevemallorca.com\/","name":"Son Esteve Mallorca","description":"Allotjament tur\u00edstic","publisher":{"@id":"https:\/\/sonestevemallorca.com\/#organization"},"potentialAction":[{"@type":"SearchAction","target":{"@type":"EntryPoint","urlTemplate":"https:\/\/sonestevemallorca.com\/?s={search_term_string}"},"query-input":{"@type":"PropertyValueSpecification","valueRequired":true,"valueName":"search_term_string"}}],"inLanguage":"fr-FR"},{"@type":"Organization","@id":"https:\/\/sonestevemallorca.com\/#organization","name":"Agroturisme","url":"https:\/\/sonestevemallorca.com\/","logo":{"@type":"ImageObject","inLanguage":"fr-FR","@id":"https:\/\/sonestevemallorca.com\/#\/schema\/logo\/image\/","url":"https:\/\/sonestevemallorca.com\/wp-content\/uploads\/2023\/03\/SON_ESTEVE_logo.svg","contentUrl":"https:\/\/sonestevemallorca.com\/wp-content\/uploads\/2023\/03\/SON_ESTEVE_logo.svg","width":437,"height":148,"caption":"Agroturisme"},"image":{"@id":"https:\/\/sonestevemallorca.com\/#\/schema\/logo\/image\/"},"sameAs":["https:\/\/www.youtube.com\/@SonEsteveMallorca","https:\/\/www.instagram.com\/fincahotelsonesteve\/"]}]}},"_links":{"self":[{"href":"https:\/\/sonestevemallorca.com\/fr\/wp-json\/wp\/v2\/pages\/513","targetHints":{"allow":["GET"]}}],"collection":[{"href":"https:\/\/sonestevemallorca.com\/fr\/wp-json\/wp\/v2\/pages"}],"about":[{"href":"https:\/\/sonestevemallorca.com\/fr\/wp-json\/wp\/v2\/types\/page"}],"author":[{"embeddable":true,"href":"https:\/\/sonestevemallorca.com\/fr\/wp-json\/wp\/v2\/users\/1"}],"replies":[{"embeddable":true,"href":"https:\/\/sonestevemallorca.com\/fr\/wp-json\/wp\/v2\/comments?post=513"}],"version-history":[{"count":31,"href":"https:\/\/sonestevemallorca.com\/fr\/wp-json\/wp\/v2\/pages\/513\/revisions"}],"predecessor-version":[{"id":1094,"href":"https:\/\/sonestevemallorca.com\/fr\/wp-json\/wp\/v2\/pages\/513\/revisions\/1094"}],"wp:attachment":[{"href":"https:\/\/sonestevemallorca.com\/fr\/wp-json\/wp\/v2\/media?parent=513"}],"curies":[{"name":"wp","href":"https:\/\/api.w.org\/{rel}","templated":true}]}}